{"id":1815,"date":"2021-02-17T14:50:09","date_gmt":"2021-02-17T13:50:09","guid":{"rendered":"http:\/\/www.chirurgie-suederelbe.de\/?page_id=1815"},"modified":"2025-01-01T14:46:29","modified_gmt":"2025-01-01T13:46:29","slug":"leistungen","status":"publish","type":"page","link":"https:\/\/www.chirurgie-suederelbe.de\/?page_id=1815","title":{"rendered":"Leistungen"},"content":{"rendered":"<p>[et_pb_section fb_built=&#8220;1&#8243; _builder_version=&#8220;4.16&#8243; _module_preset=&#8220;default&#8220; custom_padding=&#8220;3px||0px|||&#8220; global_colors_info=&#8220;{}&#8220;][et_pb_row _builder_version=&#8220;4.16&#8243; _module_preset=&#8220;default&#8220; global_colors_info=&#8220;{}&#8220;][et_pb_column type=&#8220;4_4&#8243; _builder_version=&#8220;4.16&#8243; _module_preset=&#8220;default&#8220; global_colors_info=&#8220;{}&#8220;][et_pb_text _builder_version=&#8220;4.16&#8243; _module_preset=&#8220;default&#8220; global_colors_info=&#8220;{}&#8220;]<\/p>\n<h2 style=\"text-align: center;\">Leistungen<\/h2>\n<p>[\/et_pb_text][\/et_pb_column][\/et_pb_row][\/et_pb_section][et_pb_section fb_built=&#8220;1&#8243; _builder_version=&#8220;4.16&#8243; _module_preset=&#8220;default&#8220; custom_padding=&#8220;0px|||||&#8220; global_colors_info=&#8220;{}&#8220;][et_pb_row make_equal=&#8220;on&#8220; _builder_version=&#8220;4.16&#8243; _module_preset=&#8220;default&#8220; custom_padding=&#8220;1px|||||&#8220; global_colors_info=&#8220;{}&#8220;][et_pb_column type=&#8220;4_4&#8243; _builder_version=&#8220;4.16&#8243; _module_preset=&#8220;default&#8220; global_colors_info=&#8220;{}&#8220;][et_pb_text _builder_version=&#8220;4.27.0&#8243; _module_preset=&#8220;default&#8220; global_colors_info=&#8220;{}&#8220;]<\/p>\n<p style=\"text-align: justify;\">Unsere Praxis deckt ein breites chirurgisches Leistungsspektrum ab.<\/p>\n<p style=\"text-align: justify;\">Dazu geh\u00f6ren die <strong>Unfallchirurgie \/ Orthop\u00e4die<\/strong> einschlie\u00dflich <strong>D-Arztverfahren (Arbeits-, Wege- und Schulunf\u00e4lle). <\/strong>Eine besondere Spezialisierung stellt\u00a0die <strong>spezielle Wundversorgung<\/strong> in unserem Wundzentrum dar.<\/p>\n<p style=\"text-align: justify;\">Die meisten in diese Gebiete fallenden Operationen k\u00f6nnen durch uns selbst durchgef\u00fchrt werden. Hierzu steht uns f\u00fcr ambulante Eingriffe ein modernes ambulantes Operationszentrum im Hause zur Verf\u00fcgung, station\u00e4re Eingriffe werden durch uns im Asklepios Klinikum Harburg durchgef\u00fchrt.<\/p>\n<p>[\/et_pb_text][\/et_pb_column][\/et_pb_row][\/et_pb_section]<\/p>\n","protected":false},"excerpt":{"rendered":"<p>LeistungenUnsere Praxis deckt ein breites chirurgisches Leistungsspektrum ab. Dazu geh\u00f6ren die Unfallchirurgie \/ Orthop\u00e4die einschlie\u00dflich D-Arztverfahren (Arbeits-, Wege- und Schulunf\u00e4lle). Eine besondere Spezialisierung stellt\u00a0die spezielle Wundversorgung in unserem Wundzentrum dar. Die meisten in diese Gebiete fallenden Operationen k\u00f6nnen durch uns selbst durchgef\u00fchrt werden. Hierzu steht uns f\u00fcr ambulante Eingriffe ein modernes ambulantes Operationszentrum im Hause [&hellip;]<\/p>\n","protected":false},"author":3,"featured_media":0,"parent":0,"menu_order":0,"comment_status":"closed","ping_status":"closed","template":"","meta":{"_et_pb_use_builder":"on","_et_pb_old_content":"","_et_gb_content_width":"","footnotes":""},"class_list":["post-1815","page","type-page","status-publish","hentry"],"_links":{"self":[{"href":"https:\/\/www.chirurgie-suederelbe.de\/index.php?rest_route=\/wp\/v2\/pages\/1815","targetHints":{"allow":["GET"]}}],"collection":[{"href":"https:\/\/www.chirurgie-suederelbe.de\/index.php?rest_route=\/wp\/v2\/pages"}],"about":[{"href":"https:\/\/www.chirurgie-suederelbe.de\/index.php?rest_route=\/wp\/v2\/types\/page"}],"author":[{"embeddable":true,"href":"https:\/\/www.chirurgie-suederelbe.de\/index.php?rest_route=\/wp\/v2\/users\/3"}],"replies":[{"embeddable":true,"href":"https:\/\/www.chirurgie-suederelbe.de\/index.php?rest_route=%2Fwp%2Fv2%2Fcomments&post=1815"}],"version-history":[{"count":10,"href":"https:\/\/www.chirurgie-suederelbe.de\/index.php?rest_route=\/wp\/v2\/pages\/1815\/revisions"}],"predecessor-version":[{"id":2158,"href":"https:\/\/www.chirurgie-suederelbe.de\/index.php?rest_route=\/wp\/v2\/pages\/1815\/revisions\/2158"}],"wp:attachment":[{"href":"https:\/\/www.chirurgie-suederelbe.de\/index.php?rest_route=%2Fwp%2Fv2%2Fmedia&parent=1815"}],"curies":[{"name":"wp","href":"https:\/\/api.w.org\/{rel}","templated":true}]}}