{"id":1879,"date":"2021-02-21T21:08:03","date_gmt":"2021-02-21T20:08:03","guid":{"rendered":"http:\/\/www.chirurgie-suederelbe.de\/?page_id=1879"},"modified":"2025-01-01T14:45:07","modified_gmt":"2025-01-01T13:45:07","slug":"unfallchirurgie-orthopaedie","status":"publish","type":"page","link":"https:\/\/www.chirurgie-suederelbe.de\/?page_id=1879","title":{"rendered":"Unfallchirurgie \/ Orthop\u00e4die"},"content":{"rendered":"<p>[et_pb_section fb_built=&#8220;1&#8243; _builder_version=&#8220;4.16&#8243; _module_preset=&#8220;default&#8220; background_image=&#8220;http:\/\/www.chirurgie-suederelbe.de\/wp-content\/uploads\/2021\/02\/chirurgie.jpg&#8220; module_alignment=&#8220;center&#8220; min_height_tablet=&#8220;200px&#8220; min_height_phone=&#8220;100px&#8220; min_height_last_edited=&#8220;on|desktop&#8220; height=&#8220;350px&#8220; height_tablet=&#8220;&#8220; height_phone=&#8220;&#8220; height_last_edited=&#8220;on|desktop&#8220; global_colors_info=&#8220;{}&#8220;][\/et_pb_section][et_pb_section fb_built=&#8220;1&#8243; _builder_version=&#8220;4.16&#8243; _module_preset=&#8220;default&#8220; custom_padding=&#8220;3px||0px|||&#8220; global_colors_info=&#8220;{}&#8220;][et_pb_row _builder_version=&#8220;4.16&#8243; _module_preset=&#8220;default&#8220; global_colors_info=&#8220;{}&#8220;][et_pb_column type=&#8220;4_4&#8243; _builder_version=&#8220;4.16&#8243; _module_preset=&#8220;default&#8220; global_colors_info=&#8220;{}&#8220;][et_pb_text _builder_version=&#8220;4.16&#8243; _module_preset=&#8220;default&#8220; global_colors_info=&#8220;{}&#8220;]<\/p>\n<h2 style=\"text-align: center;\">Leistungsspektrum Unfallchirurgie \/ Orthop\u00e4die<\/h2>\n<h2 style=\"text-align: center;\">&amp; Sporttraumatologie<\/h2>\n<p>[\/et_pb_text][\/et_pb_column][\/et_pb_row][\/et_pb_section][et_pb_section fb_built=&#8220;1&#8243; _builder_version=&#8220;4.16&#8243; _module_preset=&#8220;default&#8220; custom_padding=&#8220;0px|||||&#8220; global_colors_info=&#8220;{}&#8220;][et_pb_row make_equal=&#8220;on&#8220; _builder_version=&#8220;4.16&#8243; _module_preset=&#8220;default&#8220; custom_margin=&#8220;|auto|4px|auto||&#8220; custom_padding=&#8220;1px||19px|||&#8220; global_colors_info=&#8220;{}&#8220;][et_pb_column type=&#8220;4_4&#8243; _builder_version=&#8220;4.16&#8243; _module_preset=&#8220;default&#8220; global_colors_info=&#8220;{}&#8220;][et_pb_text _builder_version=&#8220;4.16&#8243; _module_preset=&#8220;default&#8220; custom_margin=&#8220;||-1px|||&#8220; global_colors_info=&#8220;{}&#8220;]<\/p>\n<p style=\"text-align: justify;\">In unserer Unfallchirurgie \/ Orthop\u00e4die bieten wir ein sehr breites Spektrum an diagnostischen und therapeutischen M\u00f6glichkeiten.<\/p>\n<p style=\"text-align: justify;\">Besondere Schwerpunkte sind die Versorgung von <strong>Arbeits- und Schulunf\u00e4llen (D-Arzt-Verfahren<\/strong>) sowie die <strong>Sporttraumatologie<\/strong> mit langj\u00e4hriger Erfahrung in der Betreuung und Behandlung von Sportlerinnen und Sportlern im Leistungs- und Profibereich.<\/p>\n<p style=\"text-align: justify;\">F\u00fcr die Bildgebung stehen uns neben einem aktuellen Ultraschallger\u00e4t eine direkt an unsere Praxisr\u00e4ume angrenzende modernste digitale R\u00f6ntgeneinheit sowie in enger Kooperation mit den umliegenden Radiologien eine hoch qualitative Schnittbilddiagnostik (CT \/ MRT) zur Verf\u00fcgung.<\/p>\n<p>[\/et_pb_text][\/et_pb_column][\/et_pb_row][et_pb_row column_structure=&#8220;1_2,1_2&#8243; make_equal=&#8220;on&#8220; _builder_version=&#8220;4.16&#8243; _module_preset=&#8220;default&#8220; custom_margin=&#8220;1px|auto||auto||&#8220; custom_padding=&#8220;5px|||||&#8220; global_colors_info=&#8220;{}&#8220;][et_pb_column type=&#8220;1_2&#8243; _builder_version=&#8220;4.16&#8243; _module_preset=&#8220;default&#8220; global_colors_info=&#8220;{}&#8220;][et_pb_text _builder_version=&#8220;4.16&#8243; _module_preset=&#8220;default&#8220; global_colors_info=&#8220;{}&#8220;]<\/p>\n<h5><strong style=\"font-size: 16px;\">konservative Therapie:<\/strong><br \/> <strong><\/strong><\/h5>\n<p style=\"text-align: justify;\">Sie umfasst die nichtoperative Behandlung von Gelenken, Muskeln, Sehnen und B\u00e4ndern nach Verletzungen, bei Verschlei\u00df (Arthrose) oder bei schmerzhaften Funktionsst\u00f6rungen:<\/p>\n<p>&nbsp;<\/p>\n<ul>\n<li>physikalische und krankengymnastische Behandlung<\/li>\n<li>medikament\u00f6se Behandlung<\/li>\n<li>Injektionsbehandlung<\/li>\n<li>konventionelles Taping, Kinesio-Taping<\/li>\n<li>Elektrotherapie<\/li>\n<li>Bandagen, Orthesen, Schuheinlagen &#8211; einschlie\u00dflich orthop\u00e4discher Schuhversorgung<\/li>\n<\/ul>\n<p>[\/et_pb_text][\/et_pb_column][et_pb_column type=&#8220;1_2&#8243; _builder_version=&#8220;4.16&#8243; _module_preset=&#8220;default&#8220; global_colors_info=&#8220;{}&#8220;][et_pb_text _builder_version=&#8220;4.16&#8243; _module_preset=&#8220;default&#8220; global_colors_info=&#8220;{}&#8220;]<\/p>\n<h5><strong>operative Therapie:<\/strong><\/h5>\n<p style=\"text-align: justify;\">Hier erfolgt eine Versorgung nach individueller Therapieplanung entweder in unserem ambulanten Operationszentrum im Hause oder station\u00e4r im Asklepios Klinikum St. Georg. Die endoprothetischen Operationen werden in der Facharztklinik Hamburg durchgef\u00fchrt.<\/p>\n<p>[\/et_pb_text][et_pb_text _builder_version=&#8220;4.16&#8243; _module_preset=&#8220;default&#8220; global_colors_info=&#8220;{}&#8220;]<\/p>\n<p><strong>Unfallchirurgie<\/strong><\/p>\n<ul>\n<li>Versorgung von Weichteilverletzungen und Frakturen (Knochenbr\u00fcchen) an oberer und unterer Extremit\u00e4t auch h\u00f6herer Schweregrade<\/li>\n<\/ul>\n<p><strong><\/strong><\/p>\n<p><strong>arthroskopische Operationen an Knie-, Schulter-, H\u00fcft-, Ellenbogen- und Sprunggelenk:<\/strong><\/p>\n<p><strong>Kniegelenk<\/strong><\/p>\n<ul>\n<li>Meniskus- \/ Knorpelsch\u00e4den<\/li>\n<li>Bandverletzungen (Seitenb\u00e4nder \/ Kreuzb\u00e4nder)<\/li>\n<li>Arthrosebehandlung \/ Mikrofrakturierung (Bioprothese)<\/li>\n<li>Umstellungsoperationen<\/li>\n<\/ul>\n<p><strong>Schultergelenk<\/strong><\/p>\n<ul>\n<li>Schleimbeutelentz\u00fcndung<\/li>\n<li>Muskel-Sehnenverletzungen mit Rekonstruktion (z.B. Rotatorenmanschettenruptur)<\/li>\n<li>Schultereckgelenkarthrosen \u2013 Eckgelenkarthroplastik<\/li>\n<li>Impingement-Syndrom (Anschlag des Oberarmkopfes an das Schulterdach)<\/li>\n<li>Schultereckgelenksprengung \u2013 individuell angepasste Rekonstruktion<\/li>\n<li>Schulterinstabilit\u00e4t (Schulterluxation)<\/li>\n<li>Verkalkung (Tendinosis calcarea)<\/li>\n<li>Schultersteife (Capsulitis adhaesiva)<\/li>\n<\/ul>\n<p><strong>H\u00fcft- \/ Ellenbogen- \/ Sprunggelenk<\/strong><\/p>\n<ul>\n<li>Knorpelsch\u00e4den<\/li>\n<li>Bandverletzungen<\/li>\n<li>Arthrosebehandlung \/ Mikrofrakturierung (Bioprothese)<\/li>\n<\/ul>\n<p>&nbsp;<\/p>\n<p><strong>Handchirurgie<\/strong><\/p>\n<ul>\n<li>Engpasssyndrome, z.B. Karpaltunnel-Syndrom, schnellender Finger, Morbus de Quervain<\/li>\n<li>Dupuytren\u2019sche Kontrakturen (Fingerkr\u00fcmmung)<\/li>\n<li>Ganglion (\u00dcberbein)<\/li>\n<li>Sehnenscheidenentz\u00fcndungen<\/li>\n<li>Sattelgelenks-Arthroplastiken (Rhizarthrose)<\/li>\n<li>Arthrosebehandlung der Finger, z.B. Arthrodese (Einsteifung des betroffenen Gelenkes)<\/li>\n<li>operative Versorgung von Fingerverletzungen einschlie\u00dflich Knochenbr\u00fcchen<\/li>\n<\/ul>\n<p><strong><\/strong><\/p>\n<p><strong>Fu\u00dfchirurgie<\/strong><\/p>\n<ul>\n<li>Vorfu\u00dfrekonstruktion (Hallux valgus, Krallen-\/Hammerzehen )<\/li>\n<li>Arthrosebehandlung der Zehen, z.B. Arthrodese (Einsteifung des betroffenen Gelenkes)<\/li>\n<li>operative Versorgung von Fu\u00dfverletzungen einschlie\u00dflich Knochenbr\u00fcchen<\/li>\n<\/ul>\n<p>&nbsp;<\/p>\n<p>[\/et_pb_text][\/et_pb_column][\/et_pb_row][\/et_pb_section]<\/p>\n","protected":false},"excerpt":{"rendered":"<p>Leistungsspektrum Unfallchirurgie \/ Orthop\u00e4die &amp; SporttraumatologieIn unserer Unfallchirurgie \/ Orthop\u00e4die bieten wir ein sehr breites Spektrum an diagnostischen und therapeutischen M\u00f6glichkeiten. Besondere Schwerpunkte sind die Versorgung von Arbeits- und Schulunf\u00e4llen (D-Arzt-Verfahren) sowie die Sporttraumatologie mit langj\u00e4hriger Erfahrung in der Betreuung und Behandlung von Sportlerinnen und Sportlern im Leistungs- und Profibereich. F\u00fcr die Bildgebung stehen uns [&hellip;]<\/p>\n","protected":false},"author":3,"featured_media":0,"parent":0,"menu_order":0,"comment_status":"closed","ping_status":"closed","template":"","meta":{"_et_pb_use_builder":"on","_et_pb_old_content":"","_et_gb_content_width":"","footnotes":""},"class_list":["post-1879","page","type-page","status-publish","hentry"],"_links":{"self":[{"href":"https:\/\/www.chirurgie-suederelbe.de\/index.php?rest_route=\/wp\/v2\/pages\/1879","targetHints":{"allow":["GET"]}}],"collection":[{"href":"https:\/\/www.chirurgie-suederelbe.de\/index.php?rest_route=\/wp\/v2\/pages"}],"about":[{"href":"https:\/\/www.chirurgie-suederelbe.de\/index.php?rest_route=\/wp\/v2\/types\/page"}],"author":[{"embeddable":true,"href":"https:\/\/www.chirurgie-suederelbe.de\/index.php?rest_route=\/wp\/v2\/users\/3"}],"replies":[{"embeddable":true,"href":"https:\/\/www.chirurgie-suederelbe.de\/index.php?rest_route=%2Fwp%2Fv2%2Fcomments&post=1879"}],"version-history":[{"count":19,"href":"https:\/\/www.chirurgie-suederelbe.de\/index.php?rest_route=\/wp\/v2\/pages\/1879\/revisions"}],"predecessor-version":[{"id":2157,"href":"https:\/\/www.chirurgie-suederelbe.de\/index.php?rest_route=\/wp\/v2\/pages\/1879\/revisions\/2157"}],"wp:attachment":[{"href":"https:\/\/www.chirurgie-suederelbe.de\/index.php?rest_route=%2Fwp%2Fv2%2Fmedia&parent=1879"}],"curies":[{"name":"wp","href":"https:\/\/api.w.org\/{rel}","templated":true}]}}