{"id":1913,"date":"2021-02-25T22:19:54","date_gmt":"2021-02-25T21:19:54","guid":{"rendered":"http:\/\/www.chirurgie-suederelbe.de\/?page_id=1913"},"modified":"2025-01-01T14:48:31","modified_gmt":"2025-01-01T13:48:31","slug":"spezielle-wundversorgung","status":"publish","type":"page","link":"https:\/\/www.chirurgie-suederelbe.de\/?page_id=1913","title":{"rendered":"Spezielle Wundversorgung"},"content":{"rendered":"<p>[et_pb_section fb_built=&#8220;1&#8243; _builder_version=&#8220;4.16&#8243; _module_preset=&#8220;default&#8220; background_image=&#8220;http:\/\/www.chirurgie-suederelbe.de\/wp-content\/uploads\/2021\/02\/wundversorgung.jpg&#8220; module_alignment=&#8220;center&#8220; min_height_tablet=&#8220;200px&#8220; min_height_phone=&#8220;100px&#8220; min_height_last_edited=&#8220;on|desktop&#8220; height=&#8220;350px&#8220; height_tablet=&#8220;&#8220; height_phone=&#8220;&#8220; height_last_edited=&#8220;on|desktop&#8220; global_colors_info=&#8220;{}&#8220;][\/et_pb_section][et_pb_section fb_built=&#8220;1&#8243; _builder_version=&#8220;4.16&#8243; _module_preset=&#8220;default&#8220; custom_padding=&#8220;3px||0px|||&#8220; global_colors_info=&#8220;{}&#8220;][et_pb_row _builder_version=&#8220;4.16&#8243; _module_preset=&#8220;default&#8220; global_colors_info=&#8220;{}&#8220;][et_pb_column type=&#8220;4_4&#8243; _builder_version=&#8220;4.16&#8243; _module_preset=&#8220;default&#8220; global_colors_info=&#8220;{}&#8220;][et_pb_text _builder_version=&#8220;4.16&#8243; _module_preset=&#8220;default&#8220; global_colors_info=&#8220;{}&#8220;]<\/p>\n<h2 style=\"text-align: center;\">Leistungsspektrum spezielle Wundversorgung<\/h2>\n<p>[\/et_pb_text][\/et_pb_column][\/et_pb_row][\/et_pb_section][et_pb_section fb_built=&#8220;1&#8243; _builder_version=&#8220;4.16&#8243; _module_preset=&#8220;default&#8220; custom_padding=&#8220;0px|||||&#8220; global_colors_info=&#8220;{}&#8220;][et_pb_row make_equal=&#8220;on&#8220; _builder_version=&#8220;4.16&#8243; _module_preset=&#8220;default&#8220; custom_margin=&#8220;|auto|4px|auto||&#8220; custom_padding=&#8220;1px||19px|||&#8220; global_colors_info=&#8220;{}&#8220;][et_pb_column type=&#8220;4_4&#8243; _builder_version=&#8220;4.16&#8243; _module_preset=&#8220;default&#8220; global_colors_info=&#8220;{}&#8220;][et_pb_text _builder_version=&#8220;4.16&#8243; _module_preset=&#8220;default&#8220; custom_margin=&#8220;||-1px|||&#8220; global_colors_info=&#8220;{}&#8220;]<\/p>\n<p style=\"text-align: justify;\">Ein weiterer Schwerpunkt unserer Praxis ist die <strong>Versorgung chronischer Wunden<\/strong> jedweder Ursache wie beispielsweise das Ulcus cruris (Unterschenkelgeschw\u00fcr \/ offenes Bein), das diabetische Fu\u00dfsyndrom und der Dekubitus (Druckgeschw\u00fcr).<\/p>\n<p style=\"text-align: justify;\">Ein Team aus Wundtherapeutinnen und Wundexpertinnen unter \u00e4rztlicher Leitung \u00a0leistet eine qualit\u00e4tsgesicherte Wundversorgung mit modernen Materialen und Wundverb\u00e4nden nach den aktuellen Leitlinien und Standards.<\/p>\n<p style=\"text-align: justify;\">Es besteht eine enge fach\u00fcbergreifende Zusammenarbeit mit der\u00a0<strong>Diabetologischen Schwerpunktpraxis Harburg<\/strong> Scholz und Paschen im Hause, mit dem <strong>Wundzentrum des Asklepios Klinikums Harburg<\/strong> und dem <strong>universit\u00e4ren Wundzentrum des UKE<\/strong> (Comprehensive Wound Center &#8211; CWC &#8211; unter der Leitung von Prof. Dr. Augustin).<\/p>\n<p style=\"text-align: justify;\">Unsere Wundsprechstunde wird dreimal w\u00f6chentlich (Dienstag, Mittwoch und Freitag) angeboten. Terminvereinbarung telefonisch \u00fcber unsere Zentrale oder direkt unter 040 &#8211; 766 136 &#8211; 15.<\/p>\n<p>[\/et_pb_text][\/et_pb_column][\/et_pb_row][\/et_pb_section]<\/p>\n","protected":false},"excerpt":{"rendered":"<p>Leistungsspektrum spezielle WundversorgungEin weiterer Schwerpunkt unserer Praxis ist die Versorgung chronischer Wunden jedweder Ursache wie beispielsweise das Ulcus cruris (Unterschenkelgeschw\u00fcr \/ offenes Bein), das diabetische Fu\u00dfsyndrom und der Dekubitus (Druckgeschw\u00fcr). Ein Team aus Wundtherapeutinnen und Wundexpertinnen unter \u00e4rztlicher Leitung \u00a0leistet eine qualit\u00e4tsgesicherte Wundversorgung mit modernen Materialen und Wundverb\u00e4nden nach den aktuellen Leitlinien und Standards. Es [&hellip;]<\/p>\n","protected":false},"author":3,"featured_media":0,"parent":0,"menu_order":0,"comment_status":"closed","ping_status":"closed","template":"","meta":{"_et_pb_use_builder":"on","_et_pb_old_content":"","_et_gb_content_width":"","footnotes":""},"class_list":["post-1913","page","type-page","status-publish","hentry"],"_links":{"self":[{"href":"https:\/\/www.chirurgie-suederelbe.de\/index.php?rest_route=\/wp\/v2\/pages\/1913","targetHints":{"allow":["GET"]}}],"collection":[{"href":"https:\/\/www.chirurgie-suederelbe.de\/index.php?rest_route=\/wp\/v2\/pages"}],"about":[{"href":"https:\/\/www.chirurgie-suederelbe.de\/index.php?rest_route=\/wp\/v2\/types\/page"}],"author":[{"embeddable":true,"href":"https:\/\/www.chirurgie-suederelbe.de\/index.php?rest_route=\/wp\/v2\/users\/3"}],"replies":[{"embeddable":true,"href":"https:\/\/www.chirurgie-suederelbe.de\/index.php?rest_route=%2Fwp%2Fv2%2Fcomments&post=1913"}],"version-history":[{"count":13,"href":"https:\/\/www.chirurgie-suederelbe.de\/index.php?rest_route=\/wp\/v2\/pages\/1913\/revisions"}],"predecessor-version":[{"id":2160,"href":"https:\/\/www.chirurgie-suederelbe.de\/index.php?rest_route=\/wp\/v2\/pages\/1913\/revisions\/2160"}],"wp:attachment":[{"href":"https:\/\/www.chirurgie-suederelbe.de\/index.php?rest_route=%2Fwp%2Fv2%2Fmedia&parent=1913"}],"curies":[{"name":"wp","href":"https:\/\/api.w.org\/{rel}","templated":true}]}}